{"id":76,"date":"2020-10-25T20:26:59","date_gmt":"2020-10-25T19:26:59","guid":{"rendered":"https:\/\/silvertallen.se\/index.php\/colibri-wp\/"},"modified":"2022-12-15T23:13:01","modified_gmt":"2022-12-15T22:13:01","slug":"colibri-wp","status":"publish","type":"page","link":"https:\/\/silvertallen.se\/","title":{"rendered":"Front Page"},"content":{"rendered":"<div data-colibri-id=\"76-c1\" class=\"style-506 style-local-76-c1 position-relative\">\n  <!---->\n  <div data-colibri-component=\"section\" data-colibri-id=\"76-c2\" id=\"custom-2\" class=\"h-section h-section-global-spacing d-flex align-items-lg-center align-items-md-center align-items-center style-897 style-local-76-c2 position-relative\">\n    <!---->\n    <!---->\n    <div class=\"h-section-grid-container h-section-fluid-container\">\n      <!---->\n      <div data-colibri-id=\"76-c3\" class=\"h-row-container gutters-row-lg-1 gutters-row-md-1 gutters-row-0 gutters-row-v-lg-1 gutters-row-v-md-1 gutters-row-v-1 style-898 style-local-76-c3 position-relative\">\n        <!---->\n        <div class=\"h-row justify-content-lg-center justify-content-md-center justify-content-center align-items-lg-start align-items-md-start align-items-start gutters-col-lg-1 gutters-col-md-1 gutters-col-0 gutters-col-v-lg-1 gutters-col-v-md-1 gutters-col-v-1\">\n          <!---->\n          <div class=\"h-column h-column-container d-flex h-col-lg-auto h-col-md-auto h-col-auto align-self-lg-start align-self-md-start align-self-start style-490-outer style-local-76-c4-outer\">\n            <div data-colibri-id=\"76-c4\" class=\"d-flex h-flex-basis h-column__inner h-px-lg-3 h-px-md-3 h-px-3 v-inner-lg-3 v-inner-md-3 v-inner-3 style-490 style-local-76-c4 position-relative\">\n              <!---->\n              <!---->\n              <div class=\"w-100 h-y-container h-column__content h-column__v-align flex-basis-100 align-self-lg-center align-self-md-center align-self-center\">\n                <!---->\n                <div data-colibri-id=\"76-c5\" class=\"h-text h-text-component style-905 style-local-76-c5 position-relative h-element\">\n                  <!---->\n                  <!---->\n                  <div class=\"\">\n                    <h5><span style=\"color: rgb(29, 64, 123);\">OM SILVERTALLEN<\/span><\/h5>\n                    <p><span style=\"font-weight: 400; font-size: medium; font-family: Georgia, &quot;Times New Roman&quot;, Times, serif; color: rgb(29, 64, 123);\">SilverTallen \u00e4r ett privat\u00e4gt fastighetsbolag som hyr ut l\u00e4genheter och lokaler i Skellefte\u00e5. Vi \u00e4ger och f\u00f6rvaltar fastigheter p\u00e5 \u00c4lvsbacka, Norrb\u00f6le och i centrala Skellefte\u00e5. SilverTallen \u00e4ger \u00e4ven ett drygt 30-tal l\u00e4genheter p\u00e5 Stapelv\u00e4gen i Ursviken.<\/span><\/p>\n                    <p><span style=\"font-weight: 400; font-size: medium; font-family: Georgia, &quot;Times New Roman&quot;, Times, serif; color: rgb(29, 64, 123);\">Silvertallen efterstr\u00e4var god service och kvalitet f\u00f6r sina hyresg\u00e4ster, med kompetent egen personal f\u00f6r fastighetssk\u00f6tsel och administration.<\/span><\/p>\n                    <p>\n                      <br>\n                    <\/p>\n                    <p>\n                      <br>\n                    <\/p>\n                  <\/div>\n                <\/div>\n              <\/div>\n            <\/div>\n          <\/div>\n          <div class=\"h-column h-column-container d-flex h-col-lg-auto h-col-md-auto h-col-auto align-self-lg-start align-self-md-start align-self-start style-942-outer style-local-76-c6-outer\">\n            <div data-colibri-id=\"76-c6\" class=\"d-flex h-flex-basis h-column__inner h-px-lg-2 h-px-md-2 h-px-2 v-inner-lg-2 v-inner-md-2 v-inner-2 style-942 style-local-76-c6 position-relative\">\n              <!---->\n              <!---->\n              <div class=\"w-100 h-y-container h-column__content h-column__v-align flex-basis-100 align-self-lg-center align-self-md-center align-self-center\">\n                <!---->\n                <div data-colibri-id=\"76-c7\" class=\"style-978 style-local-76-c7 position-relative h-element\">\n                  <!---->\n                  <div class=\"\"><\/div>\n                <\/div>\n              <\/div>\n            <\/div>\n          <\/div>\n        <\/div>\n      <\/div>\n    <\/div>\n  <\/div>\n<\/div>","protected":false},"excerpt":{"rendered":"<p>OM SILVERTALLEN SilverTallen \u00e4r ett privat\u00e4gt fastighetsbolag som hyr ut l\u00e4genheter och lokaler i Skellefte\u00e5. Vi \u00e4ger och f\u00f6rvaltar fastigheter p\u00e5 \u00c4lvsbacka, Norrb\u00f6le och i centrala Skellefte\u00e5. SilverTallen \u00e4ger \u00e4ven ett drygt 30-tal l\u00e4genheter p\u00e5 Stapelv\u00e4gen i Ursviken. Silvertallen efterstr\u00e4var god service och kvalitet f\u00f6r sina hyresg\u00e4ster, med kompetent egen personal f\u00f6r fastighetssk\u00f6tsel och administration.<\/p>\n","protected":false},"author":1,"featured_media":0,"parent":0,"menu_order":0,"comment_status":"closed","ping_status":"closed","template":"page-templates\/homepage.php","meta":{"footnotes":""},"class_list":["post-76","page","type-page","status-publish","hentry"],"_links":{"self":[{"href":"https:\/\/silvertallen.se\/index.php\/wp-json\/wp\/v2\/pages\/76","targetHints":{"allow":["GET"]}}],"collection":[{"href":"https:\/\/silvertallen.se\/index.php\/wp-json\/wp\/v2\/pages"}],"about":[{"href":"https:\/\/silvertallen.se\/index.php\/wp-json\/wp\/v2\/types\/page"}],"author":[{"embeddable":true,"href":"https:\/\/silvertallen.se\/index.php\/wp-json\/wp\/v2\/users\/1"}],"replies":[{"embeddable":true,"href":"https:\/\/silvertallen.se\/index.php\/wp-json\/wp\/v2\/comments?post=76"}],"version-history":[{"count":0,"href":"https:\/\/silvertallen.se\/index.php\/wp-json\/wp\/v2\/pages\/76\/revisions"}],"wp:attachment":[{"href":"https:\/\/silvertallen.se\/index.php\/wp-json\/wp\/v2\/media?parent=76"}],"curies":[{"name":"wp","href":"https:\/\/api.w.org\/{rel}","templated":true}]}}